{"id":292,"date":"2022-05-29T10:58:04","date_gmt":"2022-05-29T09:58:04","guid":{"rendered":"https:\/\/test.makingpages.be\/maisonledragon\/?page_id=292"},"modified":"2022-05-29T10:58:04","modified_gmt":"2022-05-29T09:58:04","slug":"maison-le-dragon","status":"publish","type":"page","link":"https:\/\/www.maisonledragon.be\/fr\/","title":{"rendered":"Maison le Dragon"},"content":{"rendered":"<p>&#8230; ou le Temps semble faire une Pause &#8230;<\/p>\n<p>Les canaux, les mus\u00e9es, la Grand &lsquo;Place, le Burg&#8230; et le Parking (!) Pandreitje, sont \u00e0 proximit\u00e9.<\/p>\n<p>Cette Maison d&rsquo;H\u00f4tes de Charme a fait r\u00e9cemment l&rsquo;objet d&rsquo;une r\u00e9novation compl\u00e8te et a retrouv\u00e9 sa splendeur d&rsquo;antan. On se sent bien entre les boiseries, les boutis, gravures,consoles, miroirs, &#8230;<\/p>\n<div id=\"ConnectiveDocSignExtentionInstalled\" data-extension-version=\"1.0.4\"><\/div>\n","protected":false},"excerpt":{"rendered":"<p>&#8230; ou le Temps semble faire une Pause &#8230; Les canaux, les mus\u00e9es, la Grand &lsquo;Place, le Burg&#8230; et le Parking (!) Pandreitje, sont \u00e0 proximit\u00e9. Cette Maison d&rsquo;H\u00f4tes de Charme a fait r\u00e9cemment l&rsquo;objet d&rsquo;une r\u00e9novation compl\u00e8te et a retrouv\u00e9 sa splendeur d&rsquo;antan. On se sent bien entre les boiseries, les boutis, gravures,consoles, miroirs, [&hellip;]<\/p>\n","protected":false},"author":1,"featured_media":0,"parent":0,"menu_order":0,"comment_status":"closed","ping_status":"open","template":"index.php","meta":[],"acf":[],"yoast_head":"<!-- This site is optimized with the Yoast SEO plugin v18.9 - https:\/\/yoast.com\/wordpress\/plugins\/seo\/ -->\n<title>Maison le Dragon - Maison Le Dragon<\/title>\n<meta name=\"robots\" content=\"index, follow, max-snippet:-1, max-image-preview:large, max-video-preview:-1\" \/>\n<link rel=\"canonical\" href=\"https:\/\/www.maisonledragon.be\/fr\/\" \/>\n<meta property=\"og:locale\" content=\"fr_FR\" \/>\n<meta property=\"og:type\" content=\"article\" \/>\n<meta property=\"og:title\" content=\"Maison le Dragon - Maison Le Dragon\" \/>\n<meta property=\"og:description\" content=\"&#8230; ou le Temps semble faire une Pause &#8230; Les canaux, les mus\u00e9es, la Grand &lsquo;Place, le Burg&#8230; et le Parking (!) Pandreitje, sont \u00e0 proximit\u00e9. Cette Maison d&rsquo;H\u00f4tes de Charme a fait r\u00e9cemment l&rsquo;objet d&rsquo;une r\u00e9novation compl\u00e8te et a retrouv\u00e9 sa splendeur d&rsquo;antan. On se sent bien entre les boiseries, les boutis, gravures,consoles, miroirs, [&hellip;]\" \/>\n<meta property=\"og:url\" content=\"https:\/\/www.maisonledragon.be\/fr\/\" \/>\n<meta property=\"og:site_name\" content=\"Maison Le Dragon\" \/>\n<meta name=\"twitter:card\" content=\"summary_large_image\" \/>\n<script type=\"application\/ld+json\" class=\"yoast-schema-graph\">{\"@context\":\"https:\/\/schema.org\",\"@graph\":[{\"@type\":\"WebSite\",\"@id\":\"https:\/\/www.maisonledragon.be\/en\/#website\",\"url\":\"https:\/\/www.maisonledragon.be\/en\/\",\"name\":\"Maison Le Dragon\",\"description\":\"\",\"potentialAction\":[{\"@type\":\"SearchAction\",\"target\":{\"@type\":\"EntryPoint\",\"urlTemplate\":\"https:\/\/www.maisonledragon.be\/en\/?s={search_term_string}\"},\"query-input\":\"required name=search_term_string\"}],\"inLanguage\":\"fr-FR\"},{\"@type\":\"WebPage\",\"@id\":\"https:\/\/www.maisonledragon.be\/fr\/#webpage\",\"url\":\"https:\/\/www.maisonledragon.be\/fr\/\",\"name\":\"Maison le Dragon - Maison Le Dragon\",\"isPartOf\":{\"@id\":\"https:\/\/www.maisonledragon.be\/en\/#website\"},\"datePublished\":\"2022-05-29T09:58:04+00:00\",\"dateModified\":\"2022-05-29T09:58:04+00:00\",\"breadcrumb\":{\"@id\":\"https:\/\/www.maisonledragon.be\/fr\/#breadcrumb\"},\"inLanguage\":\"fr-FR\",\"potentialAction\":[{\"@type\":\"ReadAction\",\"target\":[\"https:\/\/www.maisonledragon.be\/fr\/\"]}]},{\"@type\":\"BreadcrumbList\",\"@id\":\"https:\/\/www.maisonledragon.be\/fr\/#breadcrumb\",\"itemListElement\":[{\"@type\":\"ListItem\",\"position\":1,\"name\":\"Home\",\"item\":\"https:\/\/www.maisonledragon.be\/fr\/\"},{\"@type\":\"ListItem\",\"position\":2,\"name\":\"Maison le Dragon\"}]}]}<\/script>\n<!-- \/ Yoast SEO plugin. -->","yoast_head_json":{"title":"Maison le Dragon - Maison Le Dragon","robots":{"index":"index","follow":"follow","max-snippet":"max-snippet:-1","max-image-preview":"max-image-preview:large","max-video-preview":"max-video-preview:-1"},"canonical":"https:\/\/www.maisonledragon.be\/fr\/","og_locale":"fr_FR","og_type":"article","og_title":"Maison le Dragon - Maison Le Dragon","og_description":"&#8230; ou le Temps semble faire une Pause &#8230; Les canaux, les mus\u00e9es, la Grand &lsquo;Place, le Burg&#8230; et le Parking (!) Pandreitje, sont \u00e0 proximit\u00e9. Cette Maison d&rsquo;H\u00f4tes de Charme a fait r\u00e9cemment l&rsquo;objet d&rsquo;une r\u00e9novation compl\u00e8te et a retrouv\u00e9 sa splendeur d&rsquo;antan. On se sent bien entre les boiseries, les boutis, gravures,consoles, miroirs, [&hellip;]","og_url":"https:\/\/www.maisonledragon.be\/fr\/","og_site_name":"Maison Le Dragon","twitter_card":"summary_large_image","schema":{"@context":"https:\/\/schema.org","@graph":[{"@type":"WebSite","@id":"https:\/\/www.maisonledragon.be\/en\/#website","url":"https:\/\/www.maisonledragon.be\/en\/","name":"Maison Le Dragon","description":"","potentialAction":[{"@type":"SearchAction","target":{"@type":"EntryPoint","urlTemplate":"https:\/\/www.maisonledragon.be\/en\/?s={search_term_string}"},"query-input":"required name=search_term_string"}],"inLanguage":"fr-FR"},{"@type":"WebPage","@id":"https:\/\/www.maisonledragon.be\/fr\/#webpage","url":"https:\/\/www.maisonledragon.be\/fr\/","name":"Maison le Dragon - Maison Le Dragon","isPartOf":{"@id":"https:\/\/www.maisonledragon.be\/en\/#website"},"datePublished":"2022-05-29T09:58:04+00:00","dateModified":"2022-05-29T09:58:04+00:00","breadcrumb":{"@id":"https:\/\/www.maisonledragon.be\/fr\/#breadcrumb"},"inLanguage":"fr-FR","potentialAction":[{"@type":"ReadAction","target":["https:\/\/www.maisonledragon.be\/fr\/"]}]},{"@type":"BreadcrumbList","@id":"https:\/\/www.maisonledragon.be\/fr\/#breadcrumb","itemListElement":[{"@type":"ListItem","position":1,"name":"Home","item":"https:\/\/www.maisonledragon.be\/fr\/"},{"@type":"ListItem","position":2,"name":"Maison le Dragon"}]}]}},"_links":{"self":[{"href":"https:\/\/www.maisonledragon.be\/fr\/wp-json\/wp\/v2\/pages\/292"}],"collection":[{"href":"https:\/\/www.maisonledragon.be\/fr\/wp-json\/wp\/v2\/pages"}],"about":[{"href":"https:\/\/www.maisonledragon.be\/fr\/wp-json\/wp\/v2\/types\/page"}],"author":[{"embeddable":true,"href":"https:\/\/www.maisonledragon.be\/fr\/wp-json\/wp\/v2\/users\/1"}],"replies":[{"embeddable":true,"href":"https:\/\/www.maisonledragon.be\/fr\/wp-json\/wp\/v2\/comments?post=292"}],"version-history":[{"count":1,"href":"https:\/\/www.maisonledragon.be\/fr\/wp-json\/wp\/v2\/pages\/292\/revisions"}],"predecessor-version":[{"id":293,"href":"https:\/\/www.maisonledragon.be\/fr\/wp-json\/wp\/v2\/pages\/292\/revisions\/293"}],"wp:attachment":[{"href":"https:\/\/www.maisonledragon.be\/fr\/wp-json\/wp\/v2\/media?parent=292"}],"curies":[{"name":"wp","href":"https:\/\/api.w.org\/{rel}","templated":true}]}}