{"id":300,"date":"2016-02-15T14:30:43","date_gmt":"2016-02-15T13:30:43","guid":{"rendered":"https:\/\/test.makingpages.be\/maisonledragon\/bruges\/"},"modified":"2022-05-29T11:05:48","modified_gmt":"2022-05-29T10:05:48","slug":"bruges","status":"publish","type":"page","link":"https:\/\/www.maisonledragon.be\/fr\/bruges\/","title":{"rendered":"Bruges"},"content":{"rendered":"<p>Bruges est incontestablement l&rsquo;une des villes d&rsquo;Europe les plus attrayantes. Les canaux, les ruelles, les maisons-dieux et maison patriciennes, les fa\u00e7ades restaur\u00e9es, les mus\u00e9es plein de tr\u00e9sors, font revivre le pass\u00e9 fastueux de la ville.<\/p>\n<p>Bruges marie harmonieusement les splendeurs du temps pass\u00e9 aux exigences de la vie moderne.<\/p>\n<p>En effet, c&rsquo;est \u00e0 pied que le visiteur profitera le mieux de la visite de Bruges. Location de v\u00e9los (\u00e9lectriques) \u00e0 plusieurs emplacements. Ceux qui n&rsquo;aiment pas la marche \u00e0 pied peuvent se faire transporter en bateau, cal\u00e8che, segway ou minibus.<\/p>\n<p>&nbsp;<\/p>\n<div id=\"ConnectiveDocSignExtentionInstalled\" data-extension-version=\"1.0.4\"><\/div>\n","protected":false},"excerpt":{"rendered":"<p>Bruges est incontestablement l&rsquo;une des villes d&rsquo;Europe les plus attrayantes. Les canaux, les ruelles, les maisons-dieux et maison patriciennes, les fa\u00e7ades restaur\u00e9es, les mus\u00e9es plein de tr\u00e9sors, font revivre le pass\u00e9 fastueux de la ville. Bruges marie harmonieusement les splendeurs du temps pass\u00e9 aux exigences de la vie moderne. En effet, c&rsquo;est \u00e0 pied que [&hellip;]<\/p>\n","protected":false},"author":1,"featured_media":0,"parent":0,"menu_order":0,"comment_status":"closed","ping_status":"open","template":"","meta":[],"acf":[],"yoast_head":"<!-- This site is optimized with the Yoast SEO plugin v18.9 - https:\/\/yoast.com\/wordpress\/plugins\/seo\/ -->\n<title>Bruges - Maison Le Dragon<\/title>\n<meta name=\"robots\" content=\"index, follow, max-snippet:-1, max-image-preview:large, max-video-preview:-1\" \/>\n<link rel=\"canonical\" href=\"https:\/\/www.maisonledragon.be\/fr\/bruges\/\" \/>\n<meta property=\"og:locale\" content=\"fr_FR\" \/>\n<meta property=\"og:type\" content=\"article\" \/>\n<meta property=\"og:title\" content=\"Bruges - Maison Le Dragon\" \/>\n<meta property=\"og:description\" content=\"Bruges est incontestablement l&rsquo;une des villes d&rsquo;Europe les plus attrayantes. Les canaux, les ruelles, les maisons-dieux et maison patriciennes, les fa\u00e7ades restaur\u00e9es, les mus\u00e9es plein de tr\u00e9sors, font revivre le pass\u00e9 fastueux de la ville. Bruges marie harmonieusement les splendeurs du temps pass\u00e9 aux exigences de la vie moderne. En effet, c&rsquo;est \u00e0 pied que [&hellip;]\" \/>\n<meta property=\"og:url\" content=\"https:\/\/www.maisonledragon.be\/fr\/bruges\/\" \/>\n<meta property=\"og:site_name\" content=\"Maison Le Dragon\" \/>\n<meta property=\"article:modified_time\" content=\"2022-05-29T10:05:48+00:00\" \/>\n<meta name=\"twitter:card\" content=\"summary_large_image\" \/>\n<script type=\"application\/ld+json\" class=\"yoast-schema-graph\">{\"@context\":\"https:\/\/schema.org\",\"@graph\":[{\"@type\":\"WebSite\",\"@id\":\"https:\/\/www.maisonledragon.be\/en\/#website\",\"url\":\"https:\/\/www.maisonledragon.be\/en\/\",\"name\":\"Maison Le Dragon\",\"description\":\"\",\"potentialAction\":[{\"@type\":\"SearchAction\",\"target\":{\"@type\":\"EntryPoint\",\"urlTemplate\":\"https:\/\/www.maisonledragon.be\/en\/?s={search_term_string}\"},\"query-input\":\"required name=search_term_string\"}],\"inLanguage\":\"fr-FR\"},{\"@type\":\"WebPage\",\"@id\":\"https:\/\/www.maisonledragon.be\/fr\/bruges\/#webpage\",\"url\":\"https:\/\/www.maisonledragon.be\/fr\/bruges\/\",\"name\":\"Bruges - Maison Le Dragon\",\"isPartOf\":{\"@id\":\"https:\/\/www.maisonledragon.be\/en\/#website\"},\"datePublished\":\"2016-02-15T13:30:43+00:00\",\"dateModified\":\"2022-05-29T10:05:48+00:00\",\"breadcrumb\":{\"@id\":\"https:\/\/www.maisonledragon.be\/fr\/bruges\/#breadcrumb\"},\"inLanguage\":\"fr-FR\",\"potentialAction\":[{\"@type\":\"ReadAction\",\"target\":[\"https:\/\/www.maisonledragon.be\/fr\/bruges\/\"]}]},{\"@type\":\"BreadcrumbList\",\"@id\":\"https:\/\/www.maisonledragon.be\/fr\/bruges\/#breadcrumb\",\"itemListElement\":[{\"@type\":\"ListItem\",\"position\":1,\"name\":\"Home\",\"item\":\"https:\/\/www.maisonledragon.be\/fr\/\"},{\"@type\":\"ListItem\",\"position\":2,\"name\":\"Bruges\"}]}]}<\/script>\n<!-- \/ Yoast SEO plugin. -->","yoast_head_json":{"title":"Bruges - Maison Le Dragon","robots":{"index":"index","follow":"follow","max-snippet":"max-snippet:-1","max-image-preview":"max-image-preview:large","max-video-preview":"max-video-preview:-1"},"canonical":"https:\/\/www.maisonledragon.be\/fr\/bruges\/","og_locale":"fr_FR","og_type":"article","og_title":"Bruges - Maison Le Dragon","og_description":"Bruges est incontestablement l&rsquo;une des villes d&rsquo;Europe les plus attrayantes. Les canaux, les ruelles, les maisons-dieux et maison patriciennes, les fa\u00e7ades restaur\u00e9es, les mus\u00e9es plein de tr\u00e9sors, font revivre le pass\u00e9 fastueux de la ville. Bruges marie harmonieusement les splendeurs du temps pass\u00e9 aux exigences de la vie moderne. En effet, c&rsquo;est \u00e0 pied que [&hellip;]","og_url":"https:\/\/www.maisonledragon.be\/fr\/bruges\/","og_site_name":"Maison Le Dragon","article_modified_time":"2022-05-29T10:05:48+00:00","twitter_card":"summary_large_image","schema":{"@context":"https:\/\/schema.org","@graph":[{"@type":"WebSite","@id":"https:\/\/www.maisonledragon.be\/en\/#website","url":"https:\/\/www.maisonledragon.be\/en\/","name":"Maison Le Dragon","description":"","potentialAction":[{"@type":"SearchAction","target":{"@type":"EntryPoint","urlTemplate":"https:\/\/www.maisonledragon.be\/en\/?s={search_term_string}"},"query-input":"required name=search_term_string"}],"inLanguage":"fr-FR"},{"@type":"WebPage","@id":"https:\/\/www.maisonledragon.be\/fr\/bruges\/#webpage","url":"https:\/\/www.maisonledragon.be\/fr\/bruges\/","name":"Bruges - Maison Le Dragon","isPartOf":{"@id":"https:\/\/www.maisonledragon.be\/en\/#website"},"datePublished":"2016-02-15T13:30:43+00:00","dateModified":"2022-05-29T10:05:48+00:00","breadcrumb":{"@id":"https:\/\/www.maisonledragon.be\/fr\/bruges\/#breadcrumb"},"inLanguage":"fr-FR","potentialAction":[{"@type":"ReadAction","target":["https:\/\/www.maisonledragon.be\/fr\/bruges\/"]}]},{"@type":"BreadcrumbList","@id":"https:\/\/www.maisonledragon.be\/fr\/bruges\/#breadcrumb","itemListElement":[{"@type":"ListItem","position":1,"name":"Home","item":"https:\/\/www.maisonledragon.be\/fr\/"},{"@type":"ListItem","position":2,"name":"Bruges"}]}]}},"_links":{"self":[{"href":"https:\/\/www.maisonledragon.be\/fr\/wp-json\/wp\/v2\/pages\/300"}],"collection":[{"href":"https:\/\/www.maisonledragon.be\/fr\/wp-json\/wp\/v2\/pages"}],"about":[{"href":"https:\/\/www.maisonledragon.be\/fr\/wp-json\/wp\/v2\/types\/page"}],"author":[{"embeddable":true,"href":"https:\/\/www.maisonledragon.be\/fr\/wp-json\/wp\/v2\/users\/1"}],"replies":[{"embeddable":true,"href":"https:\/\/www.maisonledragon.be\/fr\/wp-json\/wp\/v2\/comments?post=300"}],"version-history":[{"count":2,"href":"https:\/\/www.maisonledragon.be\/fr\/wp-json\/wp\/v2\/pages\/300\/revisions"}],"predecessor-version":[{"id":303,"href":"https:\/\/www.maisonledragon.be\/fr\/wp-json\/wp\/v2\/pages\/300\/revisions\/303"}],"wp:attachment":[{"href":"https:\/\/www.maisonledragon.be\/fr\/wp-json\/wp\/v2\/media?parent=300"}],"curies":[{"name":"wp","href":"https:\/\/api.w.org\/{rel}","templated":true}]}}