{"id":17,"date":"2016-02-15T14:30:43","date_gmt":"2016-02-15T13:30:43","guid":{"rendered":"http:\/\/www.makingpages.be\/ontwikkeling\/maisonledragon\/website\/cms\/?page_id=17"},"modified":"2022-05-29T11:03:08","modified_gmt":"2022-05-29T10:03:08","slug":"bruges","status":"publish","type":"page","link":"https:\/\/www.maisonledragon.be\/nl\/bruges\/","title":{"rendered":"Brugge"},"content":{"rendered":"<p>Brugge is ontegensprekelijk \u00e9\u00e9n van de aantrekkelijkste steden van Europa. De reien en steegjes, de kerken, godshuizen en patrici\u00ebrswoningen, de fraai gerestaureerde gevels en de musea boordevol kunstschatten brengen het rijke verleden tastbaar tot leven.<\/p>\n<p>Brugge slaagt erin de pracht uit het verleden te verzoenen met de eisen van de moderne samenleving.<\/p>\n<p>Als wandelaar geniet u dubbel van het openlucht-museum dat Brugge in al zijn historische pracht is.<br \/>\nIn Brugge kunt u op ook op diverse plaatsen (elektrische) fietsen, tandems en\/of scooters huren.<\/p>\n<p>&nbsp;<\/p>\n<div id=\"ConnectiveDocSignExtentionInstalled\" data-extension-version=\"1.0.4\"><\/div>\n","protected":false},"excerpt":{"rendered":"<p>Brugge is ontegensprekelijk \u00e9\u00e9n van de aantrekkelijkste steden van Europa. De reien en steegjes, de kerken, godshuizen en patrici\u00ebrswoningen, de fraai gerestaureerde gevels en de musea boordevol kunstschatten brengen het rijke verleden tastbaar tot leven. Brugge slaagt erin de pracht uit het verleden te verzoenen met de eisen van de moderne samenleving. Als wandelaar geniet [&hellip;]<\/p>\n","protected":false},"author":1,"featured_media":0,"parent":0,"menu_order":0,"comment_status":"closed","ping_status":"open","template":"","meta":[],"acf":[],"yoast_head":"<!-- This site is optimized with the Yoast SEO plugin v18.9 - https:\/\/yoast.com\/wordpress\/plugins\/seo\/ -->\n<title>Brugge - Maison Le Dragon<\/title>\n<meta name=\"robots\" content=\"index, follow, max-snippet:-1, max-image-preview:large, max-video-preview:-1\" \/>\n<link rel=\"canonical\" href=\"https:\/\/www.maisonledragon.be\/nl\/bruges\/\" \/>\n<meta property=\"og:locale\" content=\"nl_NL\" \/>\n<meta property=\"og:type\" content=\"article\" \/>\n<meta property=\"og:title\" content=\"Brugge - Maison Le Dragon\" \/>\n<meta property=\"og:description\" content=\"Brugge is ontegensprekelijk \u00e9\u00e9n van de aantrekkelijkste steden van Europa. De reien en steegjes, de kerken, godshuizen en patrici\u00ebrswoningen, de fraai gerestaureerde gevels en de musea boordevol kunstschatten brengen het rijke verleden tastbaar tot leven. Brugge slaagt erin de pracht uit het verleden te verzoenen met de eisen van de moderne samenleving. Als wandelaar geniet [&hellip;]\" \/>\n<meta property=\"og:url\" content=\"https:\/\/www.maisonledragon.be\/nl\/bruges\/\" \/>\n<meta property=\"og:site_name\" content=\"Maison Le Dragon\" \/>\n<meta property=\"article:modified_time\" content=\"2022-05-29T10:03:08+00:00\" \/>\n<meta name=\"twitter:card\" content=\"summary_large_image\" \/>\n<script type=\"application\/ld+json\" class=\"yoast-schema-graph\">{\"@context\":\"https:\/\/schema.org\",\"@graph\":[{\"@type\":\"WebSite\",\"@id\":\"https:\/\/www.maisonledragon.be\/en\/#website\",\"url\":\"https:\/\/www.maisonledragon.be\/en\/\",\"name\":\"Maison Le Dragon\",\"description\":\"\",\"potentialAction\":[{\"@type\":\"SearchAction\",\"target\":{\"@type\":\"EntryPoint\",\"urlTemplate\":\"https:\/\/www.maisonledragon.be\/en\/?s={search_term_string}\"},\"query-input\":\"required name=search_term_string\"}],\"inLanguage\":\"nl\"},{\"@type\":\"WebPage\",\"@id\":\"https:\/\/www.maisonledragon.be\/nl\/bruges\/#webpage\",\"url\":\"https:\/\/www.maisonledragon.be\/nl\/bruges\/\",\"name\":\"Brugge - Maison Le Dragon\",\"isPartOf\":{\"@id\":\"https:\/\/www.maisonledragon.be\/en\/#website\"},\"datePublished\":\"2016-02-15T13:30:43+00:00\",\"dateModified\":\"2022-05-29T10:03:08+00:00\",\"breadcrumb\":{\"@id\":\"https:\/\/www.maisonledragon.be\/nl\/bruges\/#breadcrumb\"},\"inLanguage\":\"nl\",\"potentialAction\":[{\"@type\":\"ReadAction\",\"target\":[\"https:\/\/www.maisonledragon.be\/nl\/bruges\/\"]}]},{\"@type\":\"BreadcrumbList\",\"@id\":\"https:\/\/www.maisonledragon.be\/nl\/bruges\/#breadcrumb\",\"itemListElement\":[{\"@type\":\"ListItem\",\"position\":1,\"name\":\"Home\",\"item\":\"https:\/\/www.maisonledragon.be\/nl\/\"},{\"@type\":\"ListItem\",\"position\":2,\"name\":\"Brugge\"}]}]}<\/script>\n<!-- \/ Yoast SEO plugin. -->","yoast_head_json":{"title":"Brugge - Maison Le Dragon","robots":{"index":"index","follow":"follow","max-snippet":"max-snippet:-1","max-image-preview":"max-image-preview:large","max-video-preview":"max-video-preview:-1"},"canonical":"https:\/\/www.maisonledragon.be\/nl\/bruges\/","og_locale":"nl_NL","og_type":"article","og_title":"Brugge - Maison Le Dragon","og_description":"Brugge is ontegensprekelijk \u00e9\u00e9n van de aantrekkelijkste steden van Europa. De reien en steegjes, de kerken, godshuizen en patrici\u00ebrswoningen, de fraai gerestaureerde gevels en de musea boordevol kunstschatten brengen het rijke verleden tastbaar tot leven. Brugge slaagt erin de pracht uit het verleden te verzoenen met de eisen van de moderne samenleving. Als wandelaar geniet [&hellip;]","og_url":"https:\/\/www.maisonledragon.be\/nl\/bruges\/","og_site_name":"Maison Le Dragon","article_modified_time":"2022-05-29T10:03:08+00:00","twitter_card":"summary_large_image","schema":{"@context":"https:\/\/schema.org","@graph":[{"@type":"WebSite","@id":"https:\/\/www.maisonledragon.be\/en\/#website","url":"https:\/\/www.maisonledragon.be\/en\/","name":"Maison Le Dragon","description":"","potentialAction":[{"@type":"SearchAction","target":{"@type":"EntryPoint","urlTemplate":"https:\/\/www.maisonledragon.be\/en\/?s={search_term_string}"},"query-input":"required name=search_term_string"}],"inLanguage":"nl"},{"@type":"WebPage","@id":"https:\/\/www.maisonledragon.be\/nl\/bruges\/#webpage","url":"https:\/\/www.maisonledragon.be\/nl\/bruges\/","name":"Brugge - Maison Le Dragon","isPartOf":{"@id":"https:\/\/www.maisonledragon.be\/en\/#website"},"datePublished":"2016-02-15T13:30:43+00:00","dateModified":"2022-05-29T10:03:08+00:00","breadcrumb":{"@id":"https:\/\/www.maisonledragon.be\/nl\/bruges\/#breadcrumb"},"inLanguage":"nl","potentialAction":[{"@type":"ReadAction","target":["https:\/\/www.maisonledragon.be\/nl\/bruges\/"]}]},{"@type":"BreadcrumbList","@id":"https:\/\/www.maisonledragon.be\/nl\/bruges\/#breadcrumb","itemListElement":[{"@type":"ListItem","position":1,"name":"Home","item":"https:\/\/www.maisonledragon.be\/nl\/"},{"@type":"ListItem","position":2,"name":"Brugge"}]}]}},"_links":{"self":[{"href":"https:\/\/www.maisonledragon.be\/nl\/wp-json\/wp\/v2\/pages\/17"}],"collection":[{"href":"https:\/\/www.maisonledragon.be\/nl\/wp-json\/wp\/v2\/pages"}],"about":[{"href":"https:\/\/www.maisonledragon.be\/nl\/wp-json\/wp\/v2\/types\/page"}],"author":[{"embeddable":true,"href":"https:\/\/www.maisonledragon.be\/nl\/wp-json\/wp\/v2\/users\/1"}],"replies":[{"embeddable":true,"href":"https:\/\/www.maisonledragon.be\/nl\/wp-json\/wp\/v2\/comments?post=17"}],"version-history":[{"count":5,"href":"https:\/\/www.maisonledragon.be\/nl\/wp-json\/wp\/v2\/pages\/17\/revisions"}],"predecessor-version":[{"id":297,"href":"https:\/\/www.maisonledragon.be\/nl\/wp-json\/wp\/v2\/pages\/17\/revisions\/297"}],"wp:attachment":[{"href":"https:\/\/www.maisonledragon.be\/nl\/wp-json\/wp\/v2\/media?parent=17"}],"curies":[{"name":"wp","href":"https:\/\/api.w.org\/{rel}","templated":true}]}}